{"id":3794,"date":"2026-02-07T18:19:20","date_gmt":"2026-02-07T23:19:20","guid":{"rendered":"https:\/\/gcallebert.dectim.ca\/ep\/?page_id=3794"},"modified":"2026-02-09T09:31:49","modified_gmt":"2026-02-09T14:31:49","slug":"a-propos","status":"publish","type":"page","link":"https:\/\/gcallebert.dectim.ca\/ep\/a-propos\/","title":{"rendered":"\u00c0 propos"},"content":{"rendered":"\n<p>Bonjour! Je suis Guillaume Callebert, un \u00e9tudiant de 3e ann\u00e9e en Technique d\u2019int\u00e9gration multim\u00e9dia au C\u00c9GEP \u00c9douard-Montpetit.<\/p>\n\n\n\n<div class=\"wp-block-media-text is-stacked-on-mobile\" style=\"grid-template-columns:61% auto\"><figure class=\"wp-block-media-text__media\"><img loading=\"lazy\" decoding=\"async\" width=\"1024\" height=\"768\" src=\"https:\/\/gcallebert.dectim.ca\/ep\/wp-content\/uploads\/2026\/02\/me-pic-side-1024x768.jpg\" alt=\"\" class=\"wp-image-3797 size-full\" srcset=\"https:\/\/gcallebert.dectim.ca\/ep\/wp-content\/uploads\/2026\/02\/me-pic-side-1024x768.jpg 1024w, https:\/\/gcallebert.dectim.ca\/ep\/wp-content\/uploads\/2026\/02\/me-pic-side-300x225.jpg 300w, https:\/\/gcallebert.dectim.ca\/ep\/wp-content\/uploads\/2026\/02\/me-pic-side-768x576.jpg 768w, https:\/\/gcallebert.dectim.ca\/ep\/wp-content\/uploads\/2026\/02\/me-pic-side-1536x1152.jpg 1536w, https:\/\/gcallebert.dectim.ca\/ep\/wp-content\/uploads\/2026\/02\/me-pic-side.jpg 2048w\" sizes=\"auto, (max-width: 1024px) 100vw, 1024px\" \/><\/figure><div class=\"wp-block-media-text__content\">\n<p>Je suis un jeune homme de 19 ans passionn\u00e9 par tout ce qui est ou implique le multim\u00e9dia. \u00c7a fait maintenant deux ans et demi que je suis en TIM, et je crois avoir vraiment trouv\u00e9 quelque chose que j\u2019aime. Dans ce blogue, je vous partagerai ce que j\u2019ai appris du c\u00f4t\u00e9 plus \u00ab soft skills \u00bb dans le cadre de mon cours d\u2019environnement professionnel. J\u2019esp\u00e8re que vous appr\u00e9cierez!<\/p>\n<\/div><\/div>\n\n\n\n<p><\/p>\n","protected":false},"excerpt":{"rendered":"<p>Bonjour! Je suis Guillaume Callebert, un \u00e9tudiant de 3e ann\u00e9e en Technique d\u2019int\u00e9gration multim\u00e9dia au C\u00c9GEP \u00c9douard-Montpetit. Je suis un [&hellip;]<\/p>\n","protected":false},"author":1,"featured_media":0,"parent":0,"menu_order":0,"comment_status":"closed","ping_status":"closed","template":"","meta":{"_uag_custom_page_level_css":"","site-sidebar-layout":"default","site-content-layout":"","ast-site-content-layout":"default","site-content-style":"default","site-sidebar-style":"default","ast-global-header-display":"","ast-banner-title-visibility":"","ast-main-header-display":"","ast-hfb-above-header-display":"","ast-hfb-below-header-display":"","ast-hfb-mobile-header-display":"","site-post-title":"","ast-breadcrumbs-content":"","ast-featured-img":"","footer-sml-layout":"","ast-disable-related-posts":"","theme-transparent-header-meta":"","adv-header-id-meta":"","stick-header-meta":"","header-above-stick-meta":"","header-main-stick-meta":"","header-below-stick-meta":"","astra-migrate-meta-layouts":"set","ast-page-background-enabled":"default","ast-page-background-meta":{"desktop":{"background-color":"","background-image":"","background-repeat":"repeat","background-position":"center center","background-size":"auto","background-attachment":"scroll","background-type":"","background-media":"","overlay-type":"","overlay-color":"","overlay-opacity":"","overlay-gradient":""},"tablet":{"background-color":"","background-image":"","background-repeat":"repeat","background-position":"center center","background-size":"auto","background-attachment":"scroll","background-type":"","background-media":"","overlay-type":"","overlay-color":"","overlay-opacity":"","overlay-gradient":""},"mobile":{"background-color":"","background-image":"","background-repeat":"repeat","background-position":"center center","background-size":"auto","background-attachment":"scroll","background-type":"","background-media":"","overlay-type":"","overlay-color":"","overlay-opacity":"","overlay-gradient":""}},"ast-content-background-meta":{"desktop":{"background-color":"var(--ast-global-color-5)","background-image":"","background-repeat":"repeat","background-position":"center center","background-size":"auto","background-attachment":"scroll","background-type":"","background-media":"","overlay-type":"","overlay-color":"","overlay-opacity":"","overlay-gradient":""},"tablet":{"background-color":"var(--ast-global-color-5)","background-image":"","background-repeat":"repeat","background-position":"center center","background-size":"auto","background-attachment":"scroll","background-type":"","background-media":"","overlay-type":"","overlay-color":"","overlay-opacity":"","overlay-gradient":""},"mobile":{"background-color":"var(--ast-global-color-5)","background-image":"","background-repeat":"repeat","background-position":"center center","background-size":"auto","background-attachment":"scroll","background-type":"","background-media":"","overlay-type":"","overlay-color":"","overlay-opacity":"","overlay-gradient":""}},"footnotes":""},"class_list":["post-3794","page","type-page","status-publish","hentry"],"uagb_featured_image_src":{"full":false,"thumbnail":false,"medium":false,"medium_large":false,"large":false,"1536x1536":false,"2048x2048":false},"uagb_author_info":{"display_name":"guillaume","author_link":"https:\/\/gcallebert.dectim.ca\/ep\/author\/guillaume\/"},"uagb_comment_info":0,"uagb_excerpt":"Bonjour! Je suis Guillaume Callebert, un \u00e9tudiant de 3e ann\u00e9e en Technique d\u2019int\u00e9gration multim\u00e9dia au C\u00c9GEP \u00c9douard-Montpetit. Je suis un [&hellip;]","_links":{"self":[{"href":"https:\/\/gcallebert.dectim.ca\/ep\/wp-json\/wp\/v2\/pages\/3794","targetHints":{"allow":["GET"]}}],"collection":[{"href":"https:\/\/gcallebert.dectim.ca\/ep\/wp-json\/wp\/v2\/pages"}],"about":[{"href":"https:\/\/gcallebert.dectim.ca\/ep\/wp-json\/wp\/v2\/types\/page"}],"author":[{"embeddable":true,"href":"https:\/\/gcallebert.dectim.ca\/ep\/wp-json\/wp\/v2\/users\/1"}],"replies":[{"embeddable":true,"href":"https:\/\/gcallebert.dectim.ca\/ep\/wp-json\/wp\/v2\/comments?post=3794"}],"version-history":[{"count":6,"href":"https:\/\/gcallebert.dectim.ca\/ep\/wp-json\/wp\/v2\/pages\/3794\/revisions"}],"predecessor-version":[{"id":3854,"href":"https:\/\/gcallebert.dectim.ca\/ep\/wp-json\/wp\/v2\/pages\/3794\/revisions\/3854"}],"wp:attachment":[{"href":"https:\/\/gcallebert.dectim.ca\/ep\/wp-json\/wp\/v2\/media?parent=3794"}],"curies":[{"name":"wp","href":"https:\/\/api.w.org\/{rel}","templated":true}]}}