{"id":198,"date":"2025-10-12T09:26:23","date_gmt":"2025-10-12T13:26:23","guid":{"rendered":"https:\/\/gcallebert.dectim.ca\/webjam\/?page_id=198"},"modified":"2025-10-12T13:25:23","modified_gmt":"2025-10-12T17:25:23","slug":"univers-musical","status":"publish","type":"page","link":"https:\/\/gcallebert.dectim.ca\/webjam\/univers-musical\/","title":{"rendered":"Univers musical"},"content":{"rendered":"\n<p>L\u2019univers musical est un refuge sonore o\u00f9 renaissent les voix et les \u0153uvres censur\u00e9es, m\u00ealant les hymnes engag\u00e9s d\u2019Aretha Franklin, la po\u00e9sie \u00e9lectrique de Jimi Hendrix, la douceur intemporelle d\u2019\u00c9dith Piaf. Gr\u00e2ce \u00e0 une immersion audio binaurale, chaque chanson devient un acte de r\u00e9sistance et un pont entre les g\u00e9n\u00e9rations, invitant \u00e0 red\u00e9couvrir, partager et pr\u00e9server un patrimoine culturel libre, critique et vivant face \u00e0 la r\u00e9\u00e9criture du pass\u00e9.<\/p>\n","protected":false},"excerpt":{"rendered":"<p>L\u2019univers musical est un refuge sonore o\u00f9 renaissent les voix et les \u0153uvres censur\u00e9es, m\u00ealant les hymnes engag\u00e9s d\u2019Aretha Franklin, [&hellip;]<\/p>\n","protected":false},"author":3,"featured_media":223,"parent":0,"menu_order":0,"comment_status":"closed","ping_status":"closed","template":"tpl-musics.php","meta":{"_acf_changed":false,"footnotes":""},"class_list":["post-198","page","type-page","status-publish","has-post-thumbnail","hentry"],"acf":[],"_links":{"self":[{"href":"https:\/\/gcallebert.dectim.ca\/webjam\/wp-json\/wp\/v2\/pages\/198","targetHints":{"allow":["GET"]}}],"collection":[{"href":"https:\/\/gcallebert.dectim.ca\/webjam\/wp-json\/wp\/v2\/pages"}],"about":[{"href":"https:\/\/gcallebert.dectim.ca\/webjam\/wp-json\/wp\/v2\/types\/page"}],"author":[{"embeddable":true,"href":"https:\/\/gcallebert.dectim.ca\/webjam\/wp-json\/wp\/v2\/users\/3"}],"replies":[{"embeddable":true,"href":"https:\/\/gcallebert.dectim.ca\/webjam\/wp-json\/wp\/v2\/comments?post=198"}],"version-history":[{"count":3,"href":"https:\/\/gcallebert.dectim.ca\/webjam\/wp-json\/wp\/v2\/pages\/198\/revisions"}],"predecessor-version":[{"id":318,"href":"https:\/\/gcallebert.dectim.ca\/webjam\/wp-json\/wp\/v2\/pages\/198\/revisions\/318"}],"wp:featuredmedia":[{"embeddable":true,"href":"https:\/\/gcallebert.dectim.ca\/webjam\/wp-json\/wp\/v2\/media\/223"}],"wp:attachment":[{"href":"https:\/\/gcallebert.dectim.ca\/webjam\/wp-json\/wp\/v2\/media?parent=198"}],"curies":[{"name":"wp","href":"https:\/\/api.w.org\/{rel}","templated":true}]}}