{"id":200,"date":"2025-10-12T09:26:34","date_gmt":"2025-10-12T13:26:34","guid":{"rendered":"https:\/\/gcallebert.dectim.ca\/webjam\/?page_id=200"},"modified":"2025-10-12T13:03:29","modified_gmt":"2025-10-12T17:03:29","slug":"univers-de-lecture","status":"publish","type":"page","link":"https:\/\/gcallebert.dectim.ca\/webjam\/univers-de-lecture\/","title":{"rendered":"Univers de lecture"},"content":{"rendered":"\n<p>Les grands classiques reprennent vie sous vos yeux. Vision ouvre les portes d\u2019une biblioth\u00e8que clandestine, o\u00f9 chaque mot interdit retrouve sa place. Gr\u00e2ce \u00e0 un affichage immersif int\u00e9gr\u00e9, les pages apparaissent devant vous, suspendues dans l\u2019air, pr\u00eates \u00e0 \u00eatre lues sans \u00e9cran ni contrainte.<br>De Victor Hugo \u00e0 George Orwell, de Mary Shelley \u00e0 Albert Camus, les \u0153uvres bannies ressurgissent intactes, port\u00e9es par votre regard.<br>Ici, lire devient un acte de libert\u00e9 : chaque page tourn\u00e9e d\u00e9fie l\u2019oubli, chaque phrase l\u00e8ve le voile sur un pass\u00e9 qu\u2019on tente d\u2019effacer.<\/p>\n","protected":false},"excerpt":{"rendered":"<p>Les grands classiques reprennent vie sous vos yeux. Vision ouvre les portes d\u2019une biblioth\u00e8que clandestine, o\u00f9 chaque mot interdit retrouve [&hellip;]<\/p>\n","protected":false},"author":3,"featured_media":302,"parent":0,"menu_order":0,"comment_status":"closed","ping_status":"closed","template":"tpl-book.php","meta":{"_acf_changed":false,"footnotes":""},"class_list":["post-200","page","type-page","status-publish","has-post-thumbnail","hentry"],"acf":[],"_links":{"self":[{"href":"https:\/\/gcallebert.dectim.ca\/webjam\/wp-json\/wp\/v2\/pages\/200","targetHints":{"allow":["GET"]}}],"collection":[{"href":"https:\/\/gcallebert.dectim.ca\/webjam\/wp-json\/wp\/v2\/pages"}],"about":[{"href":"https:\/\/gcallebert.dectim.ca\/webjam\/wp-json\/wp\/v2\/types\/page"}],"author":[{"embeddable":true,"href":"https:\/\/gcallebert.dectim.ca\/webjam\/wp-json\/wp\/v2\/users\/3"}],"replies":[{"embeddable":true,"href":"https:\/\/gcallebert.dectim.ca\/webjam\/wp-json\/wp\/v2\/comments?post=200"}],"version-history":[{"count":3,"href":"https:\/\/gcallebert.dectim.ca\/webjam\/wp-json\/wp\/v2\/pages\/200\/revisions"}],"predecessor-version":[{"id":314,"href":"https:\/\/gcallebert.dectim.ca\/webjam\/wp-json\/wp\/v2\/pages\/200\/revisions\/314"}],"wp:featuredmedia":[{"embeddable":true,"href":"https:\/\/gcallebert.dectim.ca\/webjam\/wp-json\/wp\/v2\/media\/302"}],"wp:attachment":[{"href":"https:\/\/gcallebert.dectim.ca\/webjam\/wp-json\/wp\/v2\/media?parent=200"}],"curies":[{"name":"wp","href":"https:\/\/api.w.org\/{rel}","templated":true}]}}