{"id":202,"date":"2025-10-12T09:26:44","date_gmt":"2025-10-12T13:26:44","guid":{"rendered":"https:\/\/gcallebert.dectim.ca\/webjam\/?page_id=202"},"modified":"2025-10-12T13:06:30","modified_gmt":"2025-10-12T17:06:30","slug":"univers-du-cinema","status":"publish","type":"page","link":"https:\/\/gcallebert.dectim.ca\/webjam\/univers-du-cinema\/","title":{"rendered":"Univers du cin\u00e9ma"},"content":{"rendered":"\n<p>L\u2019univers cin\u00e9matographique est un refuge visuel o\u00f9 renaissent les histoires et les images censur\u00e9es. Gr\u00e2ce \u00e0 une immersion en r\u00e9alit\u00e9 augment\u00e9e et en son spatialis\u00e9, chaque sc\u00e8ne devient un acte de r\u00e9sistance et un pont entre les \u00e9poques, invitant \u00e0 red\u00e9couvrir, partager et pr\u00e9server un patrimoine cin\u00e9matographique libre, critique et vivant face \u00e0 l\u2019oubli ou \u00e0 la r\u00e9\u00e9criture de l\u2019histoire.<\/p>\n","protected":false},"excerpt":{"rendered":"<p>L\u2019univers cin\u00e9matographique est un refuge visuel o\u00f9 renaissent les histoires et les images censur\u00e9es. Gr\u00e2ce \u00e0 une immersion en r\u00e9alit\u00e9 [&hellip;]<\/p>\n","protected":false},"author":3,"featured_media":301,"parent":0,"menu_order":0,"comment_status":"closed","ping_status":"closed","template":"tpl-movie.php","meta":{"_acf_changed":false,"footnotes":""},"class_list":["post-202","page","type-page","status-publish","has-post-thumbnail","hentry"],"acf":[],"_links":{"self":[{"href":"https:\/\/gcallebert.dectim.ca\/webjam\/wp-json\/wp\/v2\/pages\/202","targetHints":{"allow":["GET"]}}],"collection":[{"href":"https:\/\/gcallebert.dectim.ca\/webjam\/wp-json\/wp\/v2\/pages"}],"about":[{"href":"https:\/\/gcallebert.dectim.ca\/webjam\/wp-json\/wp\/v2\/types\/page"}],"author":[{"embeddable":true,"href":"https:\/\/gcallebert.dectim.ca\/webjam\/wp-json\/wp\/v2\/users\/3"}],"replies":[{"embeddable":true,"href":"https:\/\/gcallebert.dectim.ca\/webjam\/wp-json\/wp\/v2\/comments?post=202"}],"version-history":[{"count":3,"href":"https:\/\/gcallebert.dectim.ca\/webjam\/wp-json\/wp\/v2\/pages\/202\/revisions"}],"predecessor-version":[{"id":316,"href":"https:\/\/gcallebert.dectim.ca\/webjam\/wp-json\/wp\/v2\/pages\/202\/revisions\/316"}],"wp:featuredmedia":[{"embeddable":true,"href":"https:\/\/gcallebert.dectim.ca\/webjam\/wp-json\/wp\/v2\/media\/301"}],"wp:attachment":[{"href":"https:\/\/gcallebert.dectim.ca\/webjam\/wp-json\/wp\/v2\/media?parent=202"}],"curies":[{"name":"wp","href":"https:\/\/api.w.org\/{rel}","templated":true}]}}