{"id":243,"date":"2025-10-12T10:43:36","date_gmt":"2025-10-12T14:43:36","guid":{"rendered":"https:\/\/gcallebert.dectim.ca\/webjam\/?page_id=243"},"modified":"2025-10-12T13:44:59","modified_gmt":"2025-10-12T17:44:59","slug":"ctrl-s","status":"publish","type":"page","link":"https:\/\/gcallebert.dectim.ca\/webjam\/ctrl-s\/","title":{"rendered":"CTRL + S"},"content":{"rendered":"\n<h2 class=\"wp-block-heading\">\u00c0 propos<\/h2>\n\n\n\n<p>\u00a0Nous sommes un collectif de cr\u00e9ateurs et de penseurs unis par une m\u00eame conviction : la culture doit rester libre. Dans un monde o\u00f9 les \u0153uvres sont censur\u00e9es et les voix effac\u00e9es, nous avons con\u00e7u ces lunettes comme un acte de r\u00e9sistance, un moyen de redonner \u00e0 chacun le pouvoir de voir, d\u2019\u00e9couter et de r\u00eaver sans filtres, sans fronti\u00e8res et sans peur.<\/p>\n","protected":false},"excerpt":{"rendered":"<p>\u00c0 propos \u00a0Nous sommes un collectif de cr\u00e9ateurs et de penseurs unis par une m\u00eame conviction : la culture doit [&hellip;]<\/p>\n","protected":false},"author":1,"featured_media":319,"parent":0,"menu_order":0,"comment_status":"closed","ping_status":"closed","template":"tpl-team.php","meta":{"_acf_changed":false,"footnotes":""},"class_list":["post-243","page","type-page","status-publish","has-post-thumbnail","hentry"],"acf":[],"_links":{"self":[{"href":"https:\/\/gcallebert.dectim.ca\/webjam\/wp-json\/wp\/v2\/pages\/243","targetHints":{"allow":["GET"]}}],"collection":[{"href":"https:\/\/gcallebert.dectim.ca\/webjam\/wp-json\/wp\/v2\/pages"}],"about":[{"href":"https:\/\/gcallebert.dectim.ca\/webjam\/wp-json\/wp\/v2\/types\/page"}],"author":[{"embeddable":true,"href":"https:\/\/gcallebert.dectim.ca\/webjam\/wp-json\/wp\/v2\/users\/1"}],"replies":[{"embeddable":true,"href":"https:\/\/gcallebert.dectim.ca\/webjam\/wp-json\/wp\/v2\/comments?post=243"}],"version-history":[{"count":5,"href":"https:\/\/gcallebert.dectim.ca\/webjam\/wp-json\/wp\/v2\/pages\/243\/revisions"}],"predecessor-version":[{"id":279,"href":"https:\/\/gcallebert.dectim.ca\/webjam\/wp-json\/wp\/v2\/pages\/243\/revisions\/279"}],"wp:featuredmedia":[{"embeddable":true,"href":"https:\/\/gcallebert.dectim.ca\/webjam\/wp-json\/wp\/v2\/media\/319"}],"wp:attachment":[{"href":"https:\/\/gcallebert.dectim.ca\/webjam\/wp-json\/wp\/v2\/media?parent=243"}],"curies":[{"name":"wp","href":"https:\/\/api.w.org\/{rel}","templated":true}]}}